{"id":14217,"date":"2020-03-07T06:17:34","date_gmt":"2020-03-07T06:17:34","guid":{"rendered":"http:\/\/grulf-demo.themesion.com\/demo1\/?page_id=14217"},"modified":"2022-05-12T20:38:13","modified_gmt":"2022-05-12T20:38:13","slug":"preguntas-frecuentes","status":"publish","type":"page","link":"https:\/\/newsite.gcc.ec\/newsite\/preguntas-frecuentes\/","title":{"rendered":"Preguntas frecuentes"},"content":{"rendered":"<p>[vc_row content_placement=\u00bbbottom\u00bb css=\u00bb.vc_custom_1556623730859{padding-top: 0px !important;}\u00bb][vc_column width=\u00bb1\/2&#8243;][vc_tta_accordion style=\u00bboutline\u00bb shape=\u00bbsquare\u00bb gap=\u00bb20&#8243; c_position=\u00bbright\u00bb active_section=\u00bb0&#8243; collapsible_all=\u00bbtrue\u00bb][vc_tta_section title=\u00bb1. \u00bfEl club es pet-friendly?\u00bb tab_id=\u00bb1553685744479-a2b95def-8e4a\u00bb][vc_column_text]El GCC es pet friendly en \u00e1reas determinadas.[\/vc_column_text][\/vc_tta_section][vc_tta_section title=\u00bb2. \u00bfPor qu\u00e9 medios o canales el Club informa sus actividades, novedades etc.?\u00bb tab_id=\u00bb1553685744497-03cbf784-15b2&#8243;][vc_column_text]El club informa sus actividades y novedades a trav\u00e9s de su APP\u00a0 y notificaciones v\u00eda whatsapp.[\/vc_column_text][\/vc_tta_section][vc_tta_section title=\u00bb3. \u00bfD\u00f3nde puede usted actualizar sus datos?\u00bb tab_id=\u00bb1553686283411-c2228d38-c4a0&#8243;][vc_column_text]Puede actualizar sus datos directamente en la APP del club.[\/vc_column_text][\/vc_tta_section][vc_tta_section title=\u00bb4. \u00bfA partir de que edad me puedo hacer socio del club?\u00bb tab_id=\u00bb1652387159502-2c404a08-ab03&#8243;][vc_column_text]A partir de los 18 a\u00f1os se podr\u00e1 hacer socio del club.[\/vc_column_text][\/vc_tta_section][\/vc_tta_accordion][\/vc_column][vc_column width=\u00bb1\/2&#8243;][vc_tta_accordion style=\u00bboutline\u00bb gap=\u00bb20&#8243; c_position=\u00bbright\u00bb active_section=\u00bb0&#8243; collapsible_all=\u00bbtrue\u00bb][vc_tta_section title=\u00bb5. \u00bfCuantas veces puesde venir el mismo invitado al mes?\u00bb tab_id=\u00bb1556616449074-ebe68d5a-c6e8&#8243;][vc_column_text]Puede traer al mismo invitado hasta dos veces al mes y deber\u00e1 ser regitrado en el APP para que pueda ingresar.[\/vc_column_text][\/vc_tta_section][vc_tta_section title=\u00bb6. \u00bfHasta que edad se puede ingresar como hijo de socio?\u00bb tab_id=\u00bb1556616449093-654048bf-5314&#8243;][vc_column_text]Los hijos de socios pueden ingresar al club bajo esta categor\u00eda hasta los 21 a\u00f1os[\/vc_column_text][\/vc_tta_section][vc_tta_section title=\u00bb7. \u00bfSi soy socio activo y me voy a vivir al extranjero, que debo hacer?\u00bb tab_id=\u00bb1556616449107-40c32a47-a862&#8243;][vc_column_text]Puede solicitar la categor\u00eda de socio ausente hasta por cuatro a\u00f1os. para m\u00e1s informaci\u00f3n comunicarse con atenci\u00f3n al socio.[\/vc_column_text][\/vc_tta_section][\/vc_tta_accordion][\/vc_column][\/vc_row]<\/p>\n","protected":false},"excerpt":{"rendered":"<p>[vc_row content_placement=\u00bbbottom\u00bb css=\u00bb.vc_custom_1556623730859{padding-top: 0px !important;}\u00bb][vc_column width=\u00bb1\/2&#8243;][vc_tta_accordion style=\u00bboutline\u00bb shape=\u00bbsquare\u00bb gap=\u00bb20&#8243; c_position=\u00bbright\u00bb active_section=\u00bb0&#8243; collapsible_all=\u00bbtrue\u00bb][vc_tta_section title=\u00bb1. \u00bfEl club es pet-friendly?\u00bb tab_id=\u00bb1553685744479-a2b95def-8e4a\u00bb][vc_column_text]El GCC es pet friendly en \u00e1reas determinadas.[\/vc_column_text][\/vc_tta_section][vc_tta_section title=\u00bb2. \u00bfPor qu\u00e9 medios o canales el Club informa sus actividades, novedades etc.?\u00bb tab_id=\u00bb1553685744497-03cbf784-15b2&#8243;][vc_column_text]El club informa sus actividades y novedades a trav\u00e9s de su APP\u00a0 y notificaciones v\u00eda whatsapp.[\/vc_column_text][\/vc_tta_section][vc_tta_section title=\u00bb3. [&hellip;]<\/p>\n","protected":false},"author":1,"featured_media":15464,"parent":0,"menu_order":8,"comment_status":"closed","ping_status":"closed","template":"","meta":{"footnotes":""},"class_list":["post-14217","page","type-page","status-publish","has-post-thumbnail","hentry"],"acf":[],"_links":{"self":[{"href":"https:\/\/newsite.gcc.ec\/newsite\/wp-json\/wp\/v2\/pages\/14217","targetHints":{"allow":["GET"]}}],"collection":[{"href":"https:\/\/newsite.gcc.ec\/newsite\/wp-json\/wp\/v2\/pages"}],"about":[{"href":"https:\/\/newsite.gcc.ec\/newsite\/wp-json\/wp\/v2\/types\/page"}],"author":[{"embeddable":true,"href":"https:\/\/newsite.gcc.ec\/newsite\/wp-json\/wp\/v2\/users\/1"}],"replies":[{"embeddable":true,"href":"https:\/\/newsite.gcc.ec\/newsite\/wp-json\/wp\/v2\/comments?post=14217"}],"version-history":[{"count":13,"href":"https:\/\/newsite.gcc.ec\/newsite\/wp-json\/wp\/v2\/pages\/14217\/revisions"}],"predecessor-version":[{"id":15764,"href":"https:\/\/newsite.gcc.ec\/newsite\/wp-json\/wp\/v2\/pages\/14217\/revisions\/15764"}],"wp:featuredmedia":[{"embeddable":true,"href":"https:\/\/newsite.gcc.ec\/newsite\/wp-json\/wp\/v2\/media\/15464"}],"wp:attachment":[{"href":"https:\/\/newsite.gcc.ec\/newsite\/wp-json\/wp\/v2\/media?parent=14217"}],"curies":[{"name":"wp","href":"https:\/\/api.w.org\/{rel}","templated":true}]}}