{"id":14001,"date":"2020-03-04T10:22:45","date_gmt":"2020-03-04T10:22:45","guid":{"rendered":"http:\/\/grulf-demo.themesion.com\/demo1\/?page_id=14001"},"modified":"2022-05-12T19:49:46","modified_gmt":"2022-05-12T19:49:46","slug":"acerca-de-nosotros","status":"publish","type":"page","link":"https:\/\/newsite.gcc.ec\/newsite\/acerca-de-nosotros\/","title":{"rendered":"Acerca de nosotros"},"content":{"rendered":"<p>[vc_row][vc_column][vc_custom_heading text=\u00bbACERCA DE NOSOTROS\u00bb font_container=\u00bbtag:h3|font_size:30px|text_align:center|line_height:36px\u00bb use_theme_fonts=\u00bbyes\u00bb][vc_single_image image=\u00bb15667&#8243; img_size=\u00bblarge\u00bb alignment=\u00bbcenter\u00bb el_class=\u00bblinea-logotipo\u00bb][vc_column_text el_class=\u00bbparrafo\u00bb]<\/p>\n<p style=\"text-align: justify;\">El Club Deportivo de Alto Rendimiento Guayaquil Country Club, es una instituci\u00f3n de car\u00e1cter privado, fundado en el a\u00f1o 1933, cuyo principal objetivo es alcanzar la excelencia en las distintas disciplinas que nuestros socios practican, como golf, equitaci\u00f3n, tenis, nataci\u00f3n, h\u00edpica, f\u00fatbol, entre otros, con la finalidad de formar deportistas de alto rendimiento que representen al Club y al pa\u00eds. A su vez, El Guayaquil Country Club impulsa proyectos de transformaci\u00f3n social y cultural vinculados con la pr\u00e1ctica de los deportes y su entorno.<br \/>\nUbicado en el nuevo Samborond\u00f3n, el Guayaquil Country Club cuenta con una impresionante estructura arquitect\u00f3nica, tecnolog\u00eda de punta, restaurantes, bares, \u00e1reas de eventos y espacios deportivas para 10 diferentes disciplinas, al servicio de sus socios.<br \/>\nNuestras instalaciones est\u00e1n construidas sobre un terreno de 65 hect\u00e1reas con una espectacular vista al rio Babahoyo, estamos en un espacio que transportara a nuestros socios a un refugio en medio de la naturaleza.<\/p>\n<p>[\/vc_column_text][vc_single_image image=\u00bb15667&#8243; img_size=\u00bblarge\u00bb alignment=\u00bbcenter\u00bb el_class=\u00bblinea-logotipo\u00bb][\/vc_column][\/vc_row][vc_row][vc_column][vc_single_image image=\u00bb15520&#8243; img_size=\u00bbfull\u00bb el_class=\u00bbimagen-central\u00bb][\/vc_column][\/vc_row]<\/p>\n","protected":false},"excerpt":{"rendered":"<p>[vc_row][vc_column][vc_custom_heading text=\u00bbACERCA DE NOSOTROS\u00bb font_container=\u00bbtag:h3|font_size:30px|text_align:center|line_height:36px\u00bb use_theme_fonts=\u00bbyes\u00bb][vc_single_image image=\u00bb15667&#8243; img_size=\u00bblarge\u00bb alignment=\u00bbcenter\u00bb el_class=\u00bblinea-logotipo\u00bb][vc_column_text el_class=\u00bbparrafo\u00bb] El Club Deportivo de Alto Rendimiento Guayaquil Country Club, es una instituci\u00f3n de car\u00e1cter privado, fundado en el a\u00f1o 1933, cuyo principal objetivo es alcanzar la excelencia en las distintas disciplinas que nuestros socios practican, como golf, equitaci\u00f3n, tenis, nataci\u00f3n, h\u00edpica, f\u00fatbol, entre otros, [&hellip;]<\/p>\n","protected":false},"author":1,"featured_media":15389,"parent":0,"menu_order":4,"comment_status":"closed","ping_status":"closed","template":"","meta":{"footnotes":""},"class_list":["post-14001","page","type-page","status-publish","has-post-thumbnail","hentry"],"acf":[],"_links":{"self":[{"href":"https:\/\/newsite.gcc.ec\/newsite\/wp-json\/wp\/v2\/pages\/14001","targetHints":{"allow":["GET"]}}],"collection":[{"href":"https:\/\/newsite.gcc.ec\/newsite\/wp-json\/wp\/v2\/pages"}],"about":[{"href":"https:\/\/newsite.gcc.ec\/newsite\/wp-json\/wp\/v2\/types\/page"}],"author":[{"embeddable":true,"href":"https:\/\/newsite.gcc.ec\/newsite\/wp-json\/wp\/v2\/users\/1"}],"replies":[{"embeddable":true,"href":"https:\/\/newsite.gcc.ec\/newsite\/wp-json\/wp\/v2\/comments?post=14001"}],"version-history":[{"count":12,"href":"https:\/\/newsite.gcc.ec\/newsite\/wp-json\/wp\/v2\/pages\/14001\/revisions"}],"predecessor-version":[{"id":15756,"href":"https:\/\/newsite.gcc.ec\/newsite\/wp-json\/wp\/v2\/pages\/14001\/revisions\/15756"}],"wp:featuredmedia":[{"embeddable":true,"href":"https:\/\/newsite.gcc.ec\/newsite\/wp-json\/wp\/v2\/media\/15389"}],"wp:attachment":[{"href":"https:\/\/newsite.gcc.ec\/newsite\/wp-json\/wp\/v2\/media?parent=14001"}],"curies":[{"name":"wp","href":"https:\/\/api.w.org\/{rel}","templated":true}]}}